{"id":5692,"date":"2024-08-27T05:40:24","date_gmt":"2024-08-27T09:40:24","guid":{"rendered":"https:\/\/viensminientrepots.com\/politique-de-confidentialite\/"},"modified":"2024-08-27T05:42:59","modified_gmt":"2024-08-27T09:42:59","slug":"privacy-statement","status":"publish","type":"page","link":"https:\/\/viensminientrepots.com\/en\/privacy-statement\/","title":{"rendered":"Privacy statement"},"content":{"rendered":"<div class=\"wpb-content-wrapper\">[vc_row el_class=&#8221;entrepots-mobiles-section-titre&#8221;][vc_column el_class=&#8221;bloc-titre&#8221;][vc_column_text css=&#8221;&#8221; el_class=&#8221;entrepots-mobiles-sous-titre&#8221;]\n<div class=\"confidentialite-content\">\n<h4>1. Purpose and categories of data<\/h4>\n<p>We may collect or receive personal information for several purposes connected with our business operations which may include the following:<\/p>\n<p style=\"margin-top: 20px;\"><strong>1.1 Contact &#8211; Through phone, mail, email and\/or webforms<\/strong><\/p>\n<p>The following categories of data are collected.<\/p>\n<ul>\n<li style=\"list-style: none;\">\n<ul>\n<li>A first and last name<\/li>\n<li>An email address<\/li>\n<li>Telephone number<\/li>\n<li>Adress<\/li>\n<li>City<\/li>\n<li>Postal code<\/li>\n<li>IP address<\/li>\n<\/ul>\n<\/li>\n<\/ul>\n<p><u>Retention period :<\/u> We retain this data upon termination of the service for the following period: 60 months.<\/p>\n<p style=\"margin-top: 20px;\"><strong>1.2 Newsletters<\/strong><\/p>\n<p>The following categories of data are collected:<\/p>\n<ul>\n<li style=\"list-style: none;\">\n<ul>\n<li>An email address<\/li>\n<li>First name<\/li>\n<li>Last name<\/li>\n<\/ul>\n<\/li>\n<\/ul>\n<p><u>Retention period:<\/u> We retain this data upon termination of the service for the following period: 12 months.<\/p>\n<p style=\"margin-top: 20px;\"><strong>1.3 To support services or products that a customer wants to buy or has purchased<\/strong><\/p>\n<p>The following categories of data are collected:<\/p>\n<ul>\n<li style=\"list-style: none;\">\n<ul>\n<li>A first and last name<\/li>\n<li>An email address<\/li>\n<\/ul>\n<\/li>\n<\/ul>\n<p><u>Retention period:<\/u> We retain this data upon termination of the service for the following period: 12 months.<\/p>\n<p style=\"margin-top: 20px;\"><strong>1.4 Compiling and analyzing statistics for website improvement<\/strong><\/p>\n<p>The following categories of data are collected:<\/p>\n<ul>\n<li style=\"list-style: none;\">\n<ul>\n<li>Internet activity information, including, but not limited to, browsing history, search history, and information regarding a consumer&#8217;s interaction with an Internet Web site, application, or advertisement.<\/li>\n<\/ul>\n<\/li>\n<\/ul>\n<p><u>Retention period:<\/u> Upon termination of the service, we retain this data for the following period: 24 months.<\/p>\n<h4>2. Sharing with other parties<\/h4>\n<p>We only share or disclose this data to other recipients for the following purposes:<\/p>\n<ul>\n<li>Purpose of the data transfer: Accounting<br \/>\nCountry or state in which this service provider is located: Canada.<\/li>\n<li>Purpose of the data transfer: Hosting<br \/>\nCountry or state in which this service provider is located: Canada.<\/li>\n<li>Purpose of the data transfer: Sending newsletters<br \/>\nCountry or state in which this service provider is located: Canada.<\/li>\n<li>Purpose of the data transfer: Bot\/Spam Prevention<br \/>\nCountry or state in which this service provider is located: Canada.<\/li>\n<\/ul>\n<h4>3. Disclosure practices<\/h4>\n<p>We disclose personal information if we are required by law or by a court order, in response to a law enforcement agency, to the extent permitted under other provisions of law, to provide information, or for an investigation on a matter related to public safety.<\/p>\n<p>If our website or organization is taken over, sold, or involved in a merger or acquisition, your details may be disclosed to our advisers and any prospective purchasers and will be passed on to the new owners.<\/p>\n<h4>4. Cookies<\/h4>\n<p>Our website uses cookies. For more information about cookies, please refer to our Cookie Policy on our <a href=\"\/en\/cookie-privacy\/\">Cookie policy<\/a> webpage.<\/p>\n<h4>5. Security<\/h4>\n<p>We are committed to the security of personal data. We take appropriate security measures to limit abuse of and unauthorized access to personal data. This ensures that only the necessary persons have access to your data, that access to the data is protected, and that our security measures are regularly reviewed.<\/p>\n<h4>6. Third party websites<\/h4>\n<p>This privacy statement does not apply to third party websites connected by links on our website. We cannot guarantee that these third parties handle your personal data in a reliable or secure manner. We recommend you read the privacy statements of these websites prior to making use of these websites.<\/p>\n<h4>7. Amendments to this privacy statement<\/h4>\n<p>We reserve the right to make amendments to this privacy statement. It is recommended that you consult this privacy statement regularly in order to be aware of any changes. In addition, we will actively inform you wherever possible.<\/p>\n<h4>8. Accessing and modifying your data<\/h4>\n<p>If you have any questions or want to know which personal data we have about you, please contact us. Please make sure to always clearly state who you are, so that we can be certain that we do not modify or delete any data of the wrong person. We shall provide the requested information only upon receipt of a verifiable consumer request. You can contact us by using the information below.<\/p>\n<p style=\"padding: 20px 0 0 40px;\"><strong>8.1 You have the following rights with respect to your personal data<\/strong><\/p>\n<ul>\n<li style=\"list-style: none;\">\n<ul>\n<li>You may submit a request for access to the data we process about you.<\/li>\n<li>You may request an overview, in a commonly used format, of the data we process about you.<\/li>\n<li>You may request correction or deletion of the data if it is incorrect or not or no longer relevant. Where appropriate, the amended information shall be transmitted to third parties having access to the information in question.<\/li>\n<li>You have the right to withdraw consent at any time, subject to legal or contractual restrictions and reasonable notice. You will be informed of the implications of such withdrawal.<\/li>\n<li>You have the right to address a challenge concerning non-compliance with PIPEDA to our organization and, if the issue is not resolved, to the Office of the Privacy Commissioner of Canada.<\/li>\n<li>We shall give access to personal information in an alternative format to an individual with a sensory disability who has a right of access to personal information under PIPEDA and who requests that it be transmitted in the alternative format if (a) a version of the information already exists in that format; or (b) its conversion into that format is reasonable and necessary in order for the individual to be able to exercise rights.<\/li>\n<\/ul>\n<\/li>\n<\/ul>\n<h4>9. Children<\/h4>\n<p>Our website is not designed to attract children and it is not our intent to collect personal data from children under the age of consent in their country of residence. We therefore request that children under the age of consent do not submit any personal data to us.<\/p>\n<h4>10. Contact details<\/h4>\n<p><strong>Viens Mini-Entrep\u00f4ts<\/strong><br \/>\n35 rue Brissette, Ste-Agathe des Monts<br \/>\nWebsite: <a href=\"https:\/\/viensminientrepots.com\/en\/\">viensminientrepots.com<\/a><br \/>\nEmail: <a href=\"mailto:dom@viensminientrepots.com\">dom@viensminientrepots.com<\/a><br \/>\nPhone number: <a href=\"tel:8193252555\">819-325-2555<\/a><\/p>\n<p>We have appointed a contact person for the organization\u2019s policies and practices and to whom complaints or inquiries can be forwarded:<\/p>\n<p><strong>Dominique Viens<\/strong> &#8211; <a href=\"mailto:dom@viensminientrepots.com target=\" rel=\"noopener noreferrer\">dom@viensminientrepots.com<\/a><\/p>\n<\/div>\n[\/vc_column_text][\/vc_column][\/vc_row]\n<\/div>","protected":false},"excerpt":{"rendered":"<p>[vc_row el_class=&#8221;entrepots-mobiles-section-titre&#8221;][vc_column el_class=&#8221;bloc-titre&#8221;][vc_column_text css=&#8221;&#8221; el_class=&#8221;entrepots-mobiles-sous-titre&#8221;] 1. Purpose and categories of data We may collect or receive personal information for several purposes connected with our business operations which may include the following: 1.1 Contact &#8211; Through phone, mail, email and\/or webforms The following categories of data are collected. A first and last name An email address [&hellip;]<\/p>\n","protected":false},"author":1,"featured_media":0,"parent":0,"menu_order":0,"comment_status":"closed","ping_status":"closed","template":"","meta":[],"yoast_head":"<!-- This site is optimized with the Yoast SEO plugin v20.5 - https:\/\/yoast.com\/wordpress\/plugins\/seo\/ -->\n<title>Entrep\u00f4ts mobiles Laurentides | Viens Mini-Entrep\u00f4ts<\/title>\n<meta name=\"description\" content=\"Contactez-nous pour un service de mini-entrep\u00f4ts mobiles \u00e0 Val-David et Sainte-Agathe. Nous livrons directement \u00e0 l&#039;endroit d\u00e9sir\u00e9.\" \/>\n<meta name=\"robots\" content=\"index, follow, max-snippet:-1, max-image-preview:large, max-video-preview:-1\" \/>\n<link rel=\"canonical\" href=\"https:\/\/viensminientrepots.com\/en\/privacy-statement\/\" \/>\n<meta property=\"og:locale\" content=\"en_US\" \/>\n<meta property=\"og:type\" content=\"article\" \/>\n<meta property=\"og:title\" content=\"Entrep\u00f4ts mobiles Laurentides | Viens Mini-Entrep\u00f4ts\" \/>\n<meta property=\"og:description\" content=\"Contactez-nous pour un service de mini-entrep\u00f4ts mobiles \u00e0 Val-David et Sainte-Agathe. Nous livrons directement \u00e0 l&#039;endroit d\u00e9sir\u00e9.\" \/>\n<meta property=\"og:url\" content=\"https:\/\/viensminientrepots.com\/en\/privacy-statement\/\" \/>\n<meta property=\"og:site_name\" content=\"Viens Mini-Entrep\u00f4ts\" \/>\n<meta property=\"article:modified_time\" content=\"2024-08-27T09:42:59+00:00\" \/>\n<meta property=\"og:image\" content=\"https:\/\/viensminientrepots.com\/wp-content\/uploads\/2021\/11\/slide1-scaled.jpeg\" \/>\n\t<meta property=\"og:image:width\" content=\"2560\" \/>\n\t<meta property=\"og:image:height\" content=\"1707\" \/>\n\t<meta property=\"og:image:type\" content=\"image\/jpeg\" \/>\n<meta name=\"twitter:card\" content=\"summary_large_image\" \/>\n<meta name=\"twitter:label1\" content=\"Est. reading time\" \/>\n\t<meta name=\"twitter:data1\" content=\"6 minutes\" \/>\n<script type=\"application\/ld+json\" class=\"yoast-schema-graph\">{\"@context\":\"https:\/\/schema.org\",\"@graph\":[{\"@type\":\"WebPage\",\"@id\":\"https:\/\/viensminientrepots.com\/en\/privacy-statement\/\",\"url\":\"https:\/\/viensminientrepots.com\/en\/privacy-statement\/\",\"name\":\"Entrep\u00f4ts mobiles Laurentides | Viens Mini-Entrep\u00f4ts\",\"isPartOf\":{\"@id\":\"https:\/\/viensminientrepots.com\/#website\"},\"datePublished\":\"2024-08-27T09:40:24+00:00\",\"dateModified\":\"2024-08-27T09:42:59+00:00\",\"description\":\"Contactez-nous pour un service de mini-entrep\u00f4ts mobiles \u00e0 Val-David et Sainte-Agathe. Nous livrons directement \u00e0 l'endroit d\u00e9sir\u00e9.\",\"breadcrumb\":{\"@id\":\"https:\/\/viensminientrepots.com\/en\/privacy-statement\/#breadcrumb\"},\"inLanguage\":\"en-US\",\"potentialAction\":[{\"@type\":\"ReadAction\",\"target\":[\"https:\/\/viensminientrepots.com\/en\/privacy-statement\/\"]}]},{\"@type\":\"BreadcrumbList\",\"@id\":\"https:\/\/viensminientrepots.com\/en\/privacy-statement\/#breadcrumb\",\"itemListElement\":[{\"@type\":\"ListItem\",\"position\":1,\"name\":\"Accueil\",\"item\":\"https:\/\/viensminientrepots.com\/en\/\"},{\"@type\":\"ListItem\",\"position\":2,\"name\":\"Privacy statement\"}]},{\"@type\":\"WebSite\",\"@id\":\"https:\/\/viensminientrepots.com\/#website\",\"url\":\"https:\/\/viensminientrepots.com\/\",\"name\":\"Viens Mini-Entrep\u00f4ts\",\"description\":\"\",\"potentialAction\":[{\"@type\":\"SearchAction\",\"target\":{\"@type\":\"EntryPoint\",\"urlTemplate\":\"https:\/\/viensminientrepots.com\/?s={search_term_string}\"},\"query-input\":\"required name=search_term_string\"}],\"inLanguage\":\"en-US\"}]}<\/script>\n<!-- \/ Yoast SEO plugin. -->","yoast_head_json":{"title":"Entrep\u00f4ts mobiles Laurentides | Viens Mini-Entrep\u00f4ts","description":"Contactez-nous pour un service de mini-entrep\u00f4ts mobiles \u00e0 Val-David et Sainte-Agathe. Nous livrons directement \u00e0 l'endroit d\u00e9sir\u00e9.","robots":{"index":"index","follow":"follow","max-snippet":"max-snippet:-1","max-image-preview":"max-image-preview:large","max-video-preview":"max-video-preview:-1"},"canonical":"https:\/\/viensminientrepots.com\/en\/privacy-statement\/","og_locale":"en_US","og_type":"article","og_title":"Entrep\u00f4ts mobiles Laurentides | Viens Mini-Entrep\u00f4ts","og_description":"Contactez-nous pour un service de mini-entrep\u00f4ts mobiles \u00e0 Val-David et Sainte-Agathe. Nous livrons directement \u00e0 l'endroit d\u00e9sir\u00e9.","og_url":"https:\/\/viensminientrepots.com\/en\/privacy-statement\/","og_site_name":"Viens Mini-Entrep\u00f4ts","article_modified_time":"2024-08-27T09:42:59+00:00","og_image":[{"width":2560,"height":1707,"url":"https:\/\/viensminientrepots.com\/wp-content\/uploads\/2021\/11\/slide1-scaled.jpeg","type":"image\/jpeg"}],"twitter_card":"summary_large_image","twitter_misc":{"Est. reading time":"6 minutes"},"schema":{"@context":"https:\/\/schema.org","@graph":[{"@type":"WebPage","@id":"https:\/\/viensminientrepots.com\/en\/privacy-statement\/","url":"https:\/\/viensminientrepots.com\/en\/privacy-statement\/","name":"Entrep\u00f4ts mobiles Laurentides | Viens Mini-Entrep\u00f4ts","isPartOf":{"@id":"https:\/\/viensminientrepots.com\/#website"},"datePublished":"2024-08-27T09:40:24+00:00","dateModified":"2024-08-27T09:42:59+00:00","description":"Contactez-nous pour un service de mini-entrep\u00f4ts mobiles \u00e0 Val-David et Sainte-Agathe. Nous livrons directement \u00e0 l'endroit d\u00e9sir\u00e9.","breadcrumb":{"@id":"https:\/\/viensminientrepots.com\/en\/privacy-statement\/#breadcrumb"},"inLanguage":"en-US","potentialAction":[{"@type":"ReadAction","target":["https:\/\/viensminientrepots.com\/en\/privacy-statement\/"]}]},{"@type":"BreadcrumbList","@id":"https:\/\/viensminientrepots.com\/en\/privacy-statement\/#breadcrumb","itemListElement":[{"@type":"ListItem","position":1,"name":"Accueil","item":"https:\/\/viensminientrepots.com\/en\/"},{"@type":"ListItem","position":2,"name":"Privacy statement"}]},{"@type":"WebSite","@id":"https:\/\/viensminientrepots.com\/#website","url":"https:\/\/viensminientrepots.com\/","name":"Viens Mini-Entrep\u00f4ts","description":"","potentialAction":[{"@type":"SearchAction","target":{"@type":"EntryPoint","urlTemplate":"https:\/\/viensminientrepots.com\/?s={search_term_string}"},"query-input":"required name=search_term_string"}],"inLanguage":"en-US"}]}},"_links":{"self":[{"href":"https:\/\/viensminientrepots.com\/en\/wp-json\/wp\/v2\/pages\/5692"}],"collection":[{"href":"https:\/\/viensminientrepots.com\/en\/wp-json\/wp\/v2\/pages"}],"about":[{"href":"https:\/\/viensminientrepots.com\/en\/wp-json\/wp\/v2\/types\/page"}],"author":[{"embeddable":true,"href":"https:\/\/viensminientrepots.com\/en\/wp-json\/wp\/v2\/users\/1"}],"replies":[{"embeddable":true,"href":"https:\/\/viensminientrepots.com\/en\/wp-json\/wp\/v2\/comments?post=5692"}],"version-history":[{"count":1,"href":"https:\/\/viensminientrepots.com\/en\/wp-json\/wp\/v2\/pages\/5692\/revisions"}],"predecessor-version":[{"id":5693,"href":"https:\/\/viensminientrepots.com\/en\/wp-json\/wp\/v2\/pages\/5692\/revisions\/5693"}],"wp:attachment":[{"href":"https:\/\/viensminientrepots.com\/en\/wp-json\/wp\/v2\/media?parent=5692"}],"curies":[{"name":"wp","href":"https:\/\/api.w.org\/{rel}","templated":true}]}}